{"id":35,"date":"2020-05-24T21:27:08","date_gmt":"2020-05-24T19:27:08","guid":{"rendered":"https:\/\/bodin.ovh\/?page_id=35"},"modified":"2020-05-24T21:27:08","modified_gmt":"2020-05-24T19:27:08","slug":"contact","status":"publish","type":"page","link":"https:\/\/bodin.ovh\/index.php\/contact\/","title":{"rendered":"Contact"},"content":{"rendered":"\n<p>C\u2019est une page avec des informations de contact de base, comme l\u2019adresse et le num\u00e9ro de t\u00e9l\u00e9phone. Vous pouvez aussi essayer une extension pour ajouter un formulaire de contact.<\/p>\n","protected":false},"excerpt":{"rendered":"<p>C\u2019est une page avec des informations de contact de base, comme l\u2019adresse et le num\u00e9ro de t\u00e9l\u00e9phone. Vous pouvez aussi essayer une extension pour ajouter un formulaire de contact.<\/p>\n","protected":false},"author":1,"featured_media":0,"parent":0,"menu_order":0,"comment_status":"closed","ping_status":"closed","template":"","meta":[],"_links":{"self":[{"href":"https:\/\/bodin.ovh\/index.php\/wp-json\/wp\/v2\/pages\/35"}],"collection":[{"href":"https:\/\/bodin.ovh\/index.php\/wp-json\/wp\/v2\/pages"}],"about":[{"href":"https:\/\/bodin.ovh\/index.php\/wp-json\/wp\/v2\/types\/page"}],"author":[{"embeddable":true,"href":"https:\/\/bodin.ovh\/index.php\/wp-json\/wp\/v2\/users\/1"}],"replies":[{"embeddable":true,"href":"https:\/\/bodin.ovh\/index.php\/wp-json\/wp\/v2\/comments?post=35"}],"version-history":[{"count":1,"href":"https:\/\/bodin.ovh\/index.php\/wp-json\/wp\/v2\/pages\/35\/revisions"}],"predecessor-version":[{"id":41,"href":"https:\/\/bodin.ovh\/index.php\/wp-json\/wp\/v2\/pages\/35\/revisions\/41"}],"wp:attachment":[{"href":"https:\/\/bodin.ovh\/index.php\/wp-json\/wp\/v2\/media?parent=35"}],"curies":[{"name":"wp","href":"https:\/\/api.w.org\/{rel}","templated":true}]}}